{"id":24,"date":"2026-04-27T19:19:02","date_gmt":"2026-04-27T19:19:02","guid":{"rendered":"https:\/\/dezotech.hu\/?page_id=24"},"modified":"2026-04-28T19:59:48","modified_gmt":"2026-04-28T19:59:48","slug":"termekeink","status":"publish","type":"page","link":"https:\/\/dezotech.hu\/?page_id=24","title":{"rendered":"Term\u00e9keink"},"content":{"rendered":"\n<h3 class=\"wp-block-heading\"><strong>Term\u00e9kk\u00edn\u00e1latunk<\/strong><\/h3>\n\n\n<div class=\"wp-block-image\">\n<figure class=\"aligncenter size-large\"><img loading=\"lazy\" decoding=\"async\" width=\"1024\" height=\"558\" src=\"https:\/\/dezotech.hu\/wp-content\/uploads\/2026\/04\/Gemini_Generated_Image_skyw9kskyw9kskyw-1024x558.png\" alt=\"\" class=\"wp-image-108\" style=\"aspect-ratio:1.8351254480286738\" srcset=\"https:\/\/dezotech.hu\/wp-content\/uploads\/2026\/04\/Gemini_Generated_Image_skyw9kskyw9kskyw-1024x558.png 1024w, https:\/\/dezotech.hu\/wp-content\/uploads\/2026\/04\/Gemini_Generated_Image_skyw9kskyw9kskyw-300x163.png 300w, https:\/\/dezotech.hu\/wp-content\/uploads\/2026\/04\/Gemini_Generated_Image_skyw9kskyw9kskyw-768x419.png 768w, https:\/\/dezotech.hu\/wp-content\/uploads\/2026\/04\/Gemini_Generated_Image_skyw9kskyw9kskyw.png 1380w\" sizes=\"auto, (max-width: 1024px) 100vw, 1024px\" \/><\/figure>\n<\/div>\n\n\n<div style=\"height:20px\" aria-hidden=\"true\" class=\"wp-block-spacer\"><\/div>\n\n\n\n<p>Partner\u00fcnk az eg\u00e9szs\u00e9g\u00fcgyi ell\u00e1t\u00e1sban: a steril alapanyagokt\u00f3l a cs\u00facstechnol\u00f3gi\u00e1s orvosi berendez\u00e9sekig biztos\u00edtjuk a zavartalan \u00e9s biztons\u00e1gos munkav\u00e9gz\u00e9s felt\u00e9teleit.<\/p>\n\n\n\n<div style=\"height:10px\" aria-hidden=\"true\" class=\"wp-block-spacer\"><\/div>\n\n\n\n<h3 class=\"wp-block-heading\">Higi\u00e9niai \u00e9s Egy\u00e9ni V\u00e9d\u0151eszk\u00f6z\u00f6k<\/h3>\n\n\n\n<p>A napi betegell\u00e1t\u00e1s \u00e9s a steril munkak\u00f6rnyezet alapvet\u0151 kell\u00e9kei, melyek garant\u00e1lj\u00e1k a szem\u00e9lyzet \u00e9s a p\u00e1ciensek biztons\u00e1g\u00e1t.<\/p>\n\n\n\n<ul class=\"wp-block-list\">\n<li><strong>Arc- \u00e9s sz\u00e1jmaszkok:<\/strong> 3 r\u00e9teg\u0171 seb\u00e9szeti maszkok, FFP2 \u00e9s FFP3 t\u00edpus\u00fa l\u00e9gz\u00e9sv\u00e9d\u0151k.<\/li>\n\n\n\n<li><strong>Egyszer haszn\u00e1latos keszty\u0171k:<\/strong> Nitril, latex \u00e9s vinil vizsg\u00e1l\u00f3keszty\u0171k (p\u00faderezett \u00e9s p\u00fadermentes v\u00e1ltozatban).<\/li>\n\n\n\n<li><strong>V\u00e9d\u0151ruh\u00e1zat:<\/strong> Egyszer haszn\u00e1latos k\u00f6penyek, sapk\u00e1k, l\u00e1bzs\u00e1kok \u00e9s teljes testet fed\u0151 v\u00e9d\u0151over\u00e1lok.<\/li>\n\n\n\n<li><strong>Fert\u0151tlen\u00edt\u0151szerek:<\/strong> Fel\u00fclet- \u00e9s k\u00e9zfert\u0151tlen\u00edt\u0151k, valamint speci\u00e1lis m\u0171szertiszt\u00edt\u00f3 koncentr\u00e1tumok.<\/li>\n<\/ul>\n\n\n\n<div style=\"height:10px\" aria-hidden=\"true\" class=\"wp-block-spacer\"><\/div>\n\n\n\n<h3 class=\"wp-block-heading\">\u00c1ltal\u00e1nos Orvosi \u00e9s \u00c1pol\u00e1si Eszk\u00f6z\u00f6k<\/h3>\n\n\n\n<p>Magas min\u0151s\u00e9g\u0171 fogy\u00f3eszk\u00f6z\u00f6k a prec\u00edz diagnosztik\u00e1hoz \u00e9s beavatkoz\u00e1sokhoz.<\/p>\n\n\n\n<ul class=\"wp-block-list\">\n<li><strong>Injekci\u00f3s eszk\u00f6z\u00f6k:<\/strong> K\u00fcl\u00f6nb\u00f6z\u0151 m\u00e9ret\u0171 fecskend\u0151k, kan\u00fcl\u00f6k, biztons\u00e1gi t\u0171k \u00e9s inf\u00fazi\u00f3s szerel\u00e9kek.<\/li>\n\n\n\n<li><strong>Sebkezel\u00e9s \u00e9s k\u00f6tszerek:<\/strong> Steril sebtapaszok, mullp\u00f3ly\u00e1k, kompresszi\u00f3s k\u00f6t\u00e9sek \u00e9s speci\u00e1lis sebz\u00e1r\u00f3 eszk\u00f6z\u00f6k.<\/li>\n\n\n\n<li><strong>Diagnosztikai kell\u00e9kek:<\/strong> Egyszer haszn\u00e1latos h\u0151m\u00e9r\u0151k, spatul\u00e1k, mintav\u00e9teli cs\u00f6vek \u00e9s tesztkazett\u00e1k.<\/li>\n<\/ul>\n\n\n\n<div style=\"height:10px\" aria-hidden=\"true\" class=\"wp-block-spacer\"><\/div>\n\n\n\n<h3 class=\"wp-block-heading\">M\u0171t\u00e9ttechnika \u00e9s Berendez\u00e9sek<\/h3>\n\n\n\n<p>Professzion\u00e1lis m\u0171szerek \u00e9s g\u00e9pek a legmodernebb eg\u00e9szs\u00e9g\u00fcgyi technol\u00f3gi\u00e1k jegy\u00e9ben.<\/p>\n\n\n\n<ul class=\"wp-block-list\">\n<li><strong>Seb\u00e9szeti k\u00e9zim\u0171szerek:<\/strong> Szik\u00e9k, oll\u00f3k, csipeszek \u00e9s varratanyagok.<\/li>\n\n\n\n<li><strong>M\u0171t\u00e9ti kieg\u00e9sz\u00edt\u0151k:<\/strong> Steril izol\u00e1ci\u00f3s leped\u0151k, t\u00e1lc\u00e1k \u00e9s speci\u00e1lis m\u0171t\u0151asztal-tartoz\u00e9kok.<\/li>\n\n\n\n<li><strong>Orvostechnikai g\u00e9pek:<\/strong> Monitoriz\u00e1l\u00f3 rendszerek, elektromos seb\u00e9szeti v\u00e1g\u00f3k\u00e9sz\u00fcl\u00e9kek \u00e9s diagnosztikai k\u00e9palkot\u00f3k kieg\u00e9sz\u00edt\u0151i.<\/li>\n<\/ul>\n\n\n\n<div style=\"height:10px\" aria-hidden=\"true\" class=\"wp-block-spacer\"><\/div>\n\n\n\n<h3 class=\"wp-block-heading\">Egyedi ig\u00e9nyek \u00e9s \u00e1raj\u00e1nlatk\u00e9r\u00e9s<\/h3>\n\n\n\n<p>Tiszt\u00e1ban vagyunk vele, hogy az eg\u00e9szs\u00e9g\u00fcgyi int\u00e9zm\u00e9nyek \u00e9s v\u00e1llalkoz\u00e1sok ig\u00e9nyei rendk\u00edv\u00fcl specifikusak lehetnek. <strong>Amennyiben a fenti list\u00e1ban nem tal\u00e1lta meg a keresett eszk\u00f6zt, vagy speci\u00e1lis param\u00e9terekkel rendelkez\u0151 term\u00e9kre van sz\u00fcks\u00e9ge, k\u00e9rj\u00fck, vegye fel vel\u00fcnk a kapcsolatot!<\/strong><\/p>\n\n\n\n<p>Kiterjedt besz\u00e1ll\u00edt\u00f3i h\u00e1l\u00f3zatunk r\u00e9v\u00e9n szinte b\u00e1rmilyen orvostechnikai ig\u00e9nyre tudunk megold\u00e1st k\u00edn\u00e1lni.<\/p>\n\n\n\n<blockquote class=\"wp-block-quote is-layout-flow wp-block-quote-is-layout-flow\">\n<p><strong>Szem\u00e9lyre szabott kiszolg\u00e1l\u00e1s:<\/strong> Minden esetben egyedi, a pontos term\u00e9kig\u00e9nyre \u00e9s mennyis\u00e9gre szabott <strong>\u00edr\u00e1sos \u00e1raj\u00e1nlatot adunk<\/strong>. Ezzel garant\u00e1ljuk a legkedvez\u0151bb piaci \u00e1rakat \u00e9s a transzparens elsz\u00e1mol\u00e1st.<\/p>\n<\/blockquote>\n\n\n\n<p><\/p>\n","protected":false},"excerpt":{"rendered":"<p>Term\u00e9kk\u00edn\u00e1latunk Partner\u00fcnk az eg\u00e9szs\u00e9g\u00fcgyi ell\u00e1t\u00e1sban: a steril alapanyagokt\u00f3l a cs\u00facstechnol\u00f3gi\u00e1s orvosi berendez\u00e9sekig biztos\u00edtjuk a zavartalan \u00e9s biztons\u00e1gos munkav\u00e9gz\u00e9s felt\u00e9teleit. Higi\u00e9niai \u00e9s Egy\u00e9ni V\u00e9d\u0151eszk\u00f6z\u00f6k A napi betegell\u00e1t\u00e1s \u00e9s a steril munkak\u00f6rnyezet &#8230;<\/p>\n","protected":false},"author":1,"featured_media":0,"parent":0,"menu_order":0,"comment_status":"closed","ping_status":"closed","template":"","meta":{"pagelayer_contact_templates":[],"_pagelayer_content":"","footnotes":""},"class_list":["post-24","page","type-page","status-publish","hentry"],"_links":{"self":[{"href":"https:\/\/dezotech.hu\/index.php?rest_route=\/wp\/v2\/pages\/24","targetHints":{"allow":["GET"]}}],"collection":[{"href":"https:\/\/dezotech.hu\/index.php?rest_route=\/wp\/v2\/pages"}],"about":[{"href":"https:\/\/dezotech.hu\/index.php?rest_route=\/wp\/v2\/types\/page"}],"author":[{"embeddable":true,"href":"https:\/\/dezotech.hu\/index.php?rest_route=\/wp\/v2\/users\/1"}],"replies":[{"embeddable":true,"href":"https:\/\/dezotech.hu\/index.php?rest_route=%2Fwp%2Fv2%2Fcomments&post=24"}],"version-history":[{"count":9,"href":"https:\/\/dezotech.hu\/index.php?rest_route=\/wp\/v2\/pages\/24\/revisions"}],"predecessor-version":[{"id":115,"href":"https:\/\/dezotech.hu\/index.php?rest_route=\/wp\/v2\/pages\/24\/revisions\/115"}],"wp:attachment":[{"href":"https:\/\/dezotech.hu\/index.php?rest_route=%2Fwp%2Fv2%2Fmedia&parent=24"}],"curies":[{"name":"wp","href":"https:\/\/api.w.org\/{rel}","templated":true}]}}