{"id":2,"date":"2026-01-07T07:41:15","date_gmt":"2026-01-07T07:41:15","guid":{"rendered":"https:\/\/dezotech.hu\/?page_id=2"},"modified":"2026-05-06T17:29:30","modified_gmt":"2026-05-06T17:29:30","slug":"sample-page","status":"publish","type":"page","link":"https:\/\/dezotech.hu\/","title":{"rendered":"R\u00f3lunk"},"content":{"rendered":"\n<h3><strong>R\u00f3lunk \u2013 A technol\u00f3giai precizit\u00e1s \u00e9s az orvosi hivat\u00e1s tal\u00e1lkoz\u00e1sa<\/strong><\/h3>\n\n\n\n<div style=\"height:20px\" aria-hidden=\"true\" class=\"wp-block-spacer\"><\/div>\n\n\n<div class=\"wp-block-image\">\n<figure class=\"aligncenter size-large\"><img loading=\"lazy\" decoding=\"async\" width=\"1024\" height=\"559\" src=\"https:\/\/dezotech.hu\/wp-content\/uploads\/2026\/04\/Gemini_Generated_Image_xazptoxazptoxazp-1024x559.png\" alt=\"\" class=\"wp-image-49\" srcset=\"https:\/\/dezotech.hu\/wp-content\/uploads\/2026\/04\/Gemini_Generated_Image_xazptoxazptoxazp-1024x559.png 1024w, https:\/\/dezotech.hu\/wp-content\/uploads\/2026\/04\/Gemini_Generated_Image_xazptoxazptoxazp-300x164.png 300w, https:\/\/dezotech.hu\/wp-content\/uploads\/2026\/04\/Gemini_Generated_Image_xazptoxazptoxazp-768x419.png 768w, https:\/\/dezotech.hu\/wp-content\/uploads\/2026\/04\/Gemini_Generated_Image_xazptoxazptoxazp.png 1408w\" sizes=\"auto, (max-width: 1024px) 100vw, 1024px\" \/><\/figure>\n<\/div>\n\n\n<div style=\"height:20px\" aria-hidden=\"true\" class=\"wp-block-spacer\"><\/div>\n\n\n\n<h3 class=\"wp-block-heading\">Alap\u00edt\u00e1sunk \u00e9s a technol\u00f3giai gy\u00f6kerek<\/h3>\n\n\n\n<p>V\u00e1llalkoz\u00e1sunk t\u00f6rt\u00e9nete 1999-ben vette kezdet\u00e9t. Ebben az id\u0151ben alapk\u00f6v\u00fcnket m\u00e9g egy eg\u00e9szen m\u00e1s, de a precizit\u00e1st tekintve hasonl\u00f3 ter\u00fcleten fektett\u00fck le: a professzion\u00e1lis rendezv\u00e9nytechnika vil\u00e1g\u00e1ban indultunk el. Kezdeti \u00e9veinket a legmagasabb szint\u0171 audio-vizu\u00e1lis megold\u00e1sok, komplex technikai rendszerek tervez\u00e9se \u00e9s kivitelez\u00e9se hat\u00e1rozta meg. Olyan k\u00f6rnyezetben szocializ\u00e1l\u00f3dtunk, ahol a &#8222;hiba&#8221; nem opci\u00f3, \u00e9s ahol a technol\u00f3giai h\u00e1tt\u00e9rnek l\u00e1thatatlanul, de megk\u00e9rd\u0151jelezhetetlen pontoss\u00e1ggal kell kiszolg\u00e1lnia a c\u00e9lt.<\/p>\n\n\n\n<div style=\"height:10px\" aria-hidden=\"true\" class=\"wp-block-spacer\"><\/div>\n\n\n\n<h3 class=\"wp-block-heading\">Sorsford\u00edt\u00f3 tal\u00e1lkoz\u00e1sok: A konferenciatermekt\u0151l a m\u0171t\u0151kig<\/h3>\n\n\n\n<p>C\u00e9g\u00fcnk \u00e9let\u00e9ben a fordul\u00f3pontot a kiemelt orvosszakmai konferenci\u00e1k \u00e9s nemzetk\u00f6zi eg\u00e9szs\u00e9g\u00fcgyi szimp\u00f3ziumok technikai lebonyol\u00edt\u00e1sa hozta meg. Az \u00e9vek sor\u00e1n ezen esem\u00e9nyek \u00e1lland\u00f3 partnereiv\u00e9 v\u00e1ltunk, ami lehet\u0151s\u00e9get adott arra, hogy belel\u00e1ssunk az eg\u00e9szs\u00e9g\u00fcgy legm\u00e9lyebb szakmai r\u00e9tegeibe.<\/p>\n\n\n\n<p>A technikai pultok m\u00f6g\u00fcl figyelve a neves seb\u00e9szek el\u0151ad\u00e1sait \u00e9s az innovat\u00edv gy\u00e1rt\u00f3k bemutat\u00f3it, felismert\u00fck a k\u00f6z\u00f6s pontot: az orvostudom\u00e1ny sikere ma m\u00e1r elv\u00e1laszthatatlan a m\u00f6g\u00f6tte \u00e1ll\u00f3 m\u00e9rn\u00f6ki \u00e9s technol\u00f3giai zsenialit\u00e1st\u00f3l. Itt ismerkedt\u00fcnk meg az eg\u00e9szs\u00e9g\u00fcgyi szektor meghat\u00e1roz\u00f3 k\u00e9pvisel\u0151ivel, \u00e9s ezek a p\u00e1rbesz\u00e9dek ind\u00edtott\u00e1k el benn\u00fcnk a gondolatot: a rendezv\u00e9nytechnika ter\u00fclet\u00e9n megszerzett rendszerszeml\u00e9let\u00fcnket \u00e9s precizit\u00e1sunkat k\u00f6zvetlen\u00fcl a betegell\u00e1t\u00e1s szolg\u00e1lat\u00e1ba \u00e1ll\u00edtsuk.<\/p>\n\n\n\n<div style=\"height:10px\" aria-hidden=\"true\" class=\"wp-block-spacer\"><\/div>\n\n\n\n<h3 class=\"wp-block-heading\">K\u00fcldet\u00e9s\u00fcnk: Magyar szak\u00e9rtelem a modern eg\u00e9szs\u00e9g\u00fcgy\u00e9rt<\/h3>\n\n\n\n<p>D\u00f6nt\u00e9s\u00fcnk tudatos volt. Olyan hidat k\u00edv\u00e1ntunk \u00e9p\u00edteni, amely a vil\u00e1g legmodernebb m\u0171t\u00e9ttechnikai eszk\u00f6zeit juttatja el a magyar orvosokhoz. B\u00fcszk\u00e9k vagyunk arra, hogy v\u00e1llalkoz\u00e1sunk a mai napig <strong>100%-ban magyar tulajdonban van<\/strong>. Ez a f\u00fcggetlens\u00e9g teszi lehet\u0151v\u00e9 sz\u00e1munkra, hogy rugalmasan, a hazai piaci ig\u00e9nyekre \u00e9s a magyar eg\u00e9szs\u00e9g\u00fcgyi int\u00e9zm\u00e9nyek specifikus elv\u00e1r\u00e1saira szabva v\u00e1logassuk meg besz\u00e1ll\u00edt\u00f3inkat \u00e9s portf\u00f3li\u00f3nkat.<\/p>\n\n\n\n<div style=\"height:20px\" aria-hidden=\"true\" class=\"wp-block-spacer\"><\/div>\n\n\n<div class=\"wp-block-image\">\n<figure class=\"aligncenter size-large\"><img loading=\"lazy\" decoding=\"async\" width=\"1024\" height=\"559\" src=\"https:\/\/dezotech.hu\/wp-content\/uploads\/2026\/04\/Gemini_Generated_Image_bftobzbftobzbfto-1024x559.png\" alt=\"\" class=\"wp-image-62\" srcset=\"https:\/\/dezotech.hu\/wp-content\/uploads\/2026\/04\/Gemini_Generated_Image_bftobzbftobzbfto-1024x559.png 1024w, https:\/\/dezotech.hu\/wp-content\/uploads\/2026\/04\/Gemini_Generated_Image_bftobzbftobzbfto-300x164.png 300w, https:\/\/dezotech.hu\/wp-content\/uploads\/2026\/04\/Gemini_Generated_Image_bftobzbftobzbfto-768x419.png 768w, https:\/\/dezotech.hu\/wp-content\/uploads\/2026\/04\/Gemini_Generated_Image_bftobzbftobzbfto.png 1407w\" sizes=\"auto, (max-width: 1024px) 100vw, 1024px\" \/><\/figure>\n<\/div>\n\n\n<div style=\"height:20px\" aria-hidden=\"true\" class=\"wp-block-spacer\"><\/div>\n\n\n\n<h3 class=\"wp-block-heading\">Mi\u00e9rt mi vagyunk az ide\u00e1lis partnerek?<\/h3>\n\n\n\n<p>M\u00faltunkb\u00f3l ad\u00f3d\u00f3an nem csup\u00e1n keresked\u0151k\u00e9nt tekint\u00fcnk magunkra, hanem technol\u00f3giai szak\u00e9rt\u0151k\u00e9nt is.<\/p>\n\n\n\n<ul class=\"wp-block-list\">\n<li><strong>M\u0171szaki alaposs\u00e1g:<\/strong> Minden \u00e1ltalunk forgalmazott eszk\u00f6zt m\u00e9rn\u00f6ki szemmel is megvizsg\u00e1lunk. Csak olyan berendez\u00e9seket \u00e9s fogy\u00f3eszk\u00f6z\u00f6ket k\u00edn\u00e1lunk, amelyek a legszigor\u00fabb min\u0151s\u00e9gi k\u00f6vetelm\u00e9nyeknek is megfelelnek.<\/li>\n\n\n\n<li><strong>Szem\u00e9lyes kapcsolatok:<\/strong> Hisz\u00fcnk a hossz\u00fa t\u00e1v\u00fa partners\u00e9gben. Ahogy 1999-ben is a bizalom \u00e9p\u00edtette a kapcsolatainkat, \u00fagy ma is a k\u00f6zvetlen, t\u00e1mogat\u00f3 kommunik\u00e1ci\u00f3ra helyezz\u00fck a hangs\u00falyt.<\/li>\n\n\n\n<li><strong>Innov\u00e1ci\u00f3 ir\u00e1nti al\u00e1zat:<\/strong> Folyamatosan k\u00f6vetj\u00fck a nemzetk\u00f6zi trendeket, hogy a hazai m\u0171t\u0151kbe mindig a legkorszer\u0171bb, a beavatkoz\u00e1sok kock\u00e1zat\u00e1t cs\u00f6kkent\u0151 \u00e9s a gy\u00f3gyul\u00e1si id\u0151t r\u00f6vid\u00edt\u0151 megold\u00e1sok ker\u00fcljenek.<\/li>\n<\/ul>\n\n\n\n<h3 class=\"wp-block-heading\">J\u00f6v\u0151k\u00e9p\u00fcnk<\/h3>\n\n\n\n<p>C\u00e9lunk, hogy a k\u00f6vetkez\u0151 \u00e9vtizedekben is meghat\u00e1roz\u00f3 szerepl\u0151i maradjunk a magyar m\u0171t\u00e9ttechnikai piacnak. Szeretn\u00e9nk, ha nev\u00fcnk egyet jelentene a megb\u00edzhat\u00f3s\u00e1ggal, a szakmai felk\u00e9sz\u00fclts\u00e9ggel \u00e9s azzal a technol\u00f3giai fegyelemmel, amely k\u00eds\u00e9r minket a 1999-es indul\u00e1sunk \u00f3ta.<\/p>\n\n\n\n<p>K\u00f6sz\u00f6nj\u00fck, hogy megtisztel bizalm\u00e1val, \u00e9s engedi, hogy eszk\u00f6zeinkkel mi is hozz\u00e1j\u00e1ruljunk a gy\u00f3gy\u00edt\u00e1s siker\u00e9hez.<\/p>\n\n\n\n<p><\/p>\n","protected":false},"excerpt":{"rendered":"<p>Alap\u00edt\u00e1sunk \u00e9s a technol\u00f3giai gy\u00f6kerek V\u00e1llalkoz\u00e1sunk t\u00f6rt\u00e9nete 1999-ben vette kezdet\u00e9t. Ebben az id\u0151ben alapk\u00f6v\u00fcnket m\u00e9g egy eg\u00e9szen m\u00e1s, de a precizit\u00e1st tekintve hasonl\u00f3 ter\u00fcleten fektett\u00fck le: a professzion\u00e1lis rendezv\u00e9nytechnika vil\u00e1g\u00e1ban &#8230;<\/p>\n","protected":false},"author":1,"featured_media":0,"parent":0,"menu_order":0,"comment_status":"closed","ping_status":"open","template":"","meta":{"pagelayer_contact_templates":[],"_pagelayer_content":"","footnotes":""},"class_list":["post-2","page","type-page","status-publish","hentry"],"_links":{"self":[{"href":"https:\/\/dezotech.hu\/index.php?rest_route=\/wp\/v2\/pages\/2","targetHints":{"allow":["GET"]}}],"collection":[{"href":"https:\/\/dezotech.hu\/index.php?rest_route=\/wp\/v2\/pages"}],"about":[{"href":"https:\/\/dezotech.hu\/index.php?rest_route=\/wp\/v2\/types\/page"}],"author":[{"embeddable":true,"href":"https:\/\/dezotech.hu\/index.php?rest_route=\/wp\/v2\/users\/1"}],"replies":[{"embeddable":true,"href":"https:\/\/dezotech.hu\/index.php?rest_route=%2Fwp%2Fv2%2Fcomments&post=2"}],"version-history":[{"count":17,"href":"https:\/\/dezotech.hu\/index.php?rest_route=\/wp\/v2\/pages\/2\/revisions"}],"predecessor-version":[{"id":119,"href":"https:\/\/dezotech.hu\/index.php?rest_route=\/wp\/v2\/pages\/2\/revisions\/119"}],"wp:attachment":[{"href":"https:\/\/dezotech.hu\/index.php?rest_route=%2Fwp%2Fv2%2Fmedia&parent=2"}],"curies":[{"name":"wp","href":"https:\/\/api.w.org\/{rel}","templated":true}]}}